{"id":166,"date":"2021-09-08T17:47:27","date_gmt":"2021-09-08T17:47:27","guid":{"rendered":"https:\/\/immvest-maulburg.de\/?page_id=166"},"modified":"2022-05-30T10:04:41","modified_gmt":"2022-05-30T10:04:41","slug":"impressum","status":"publish","type":"page","link":"https:\/\/immvest-maulburg.de\/index.php\/impressum\/","title":{"rendered":"Impressum"},"content":{"rendered":"\n<p>Imm<em>vest<\/em>-Maulburg GmbH<\/p>\n\n\n\n<p>Ahornstra\u00dfe 72<br>75210 Keltern<\/p>\n\n\n\n<p>Telefon: +49 171 &#8211; 273 67 91<br>E-Mail: info@immvest-gmbh.de<br>Internet:&nbsp;<a rel=\"noreferrer noopener\" href=\"https:\/\/www.immvest-gmbh.de\/\" target=\"_blank\">https:\/\/www.immvest-maulburg.de<\/a><br>Immvest Maulburg wird vertreten durch: <\/p>\n\n\n\n<p>Gesch\u00e4ftsf\u00fchrer Ralf K\u00f6nig <\/p>\n\n\n\n<p>HRB 738378<\/p>\n\n\n\n<p>Registergericht Mannheim<\/p>\n","protected":false},"excerpt":{"rendered":"<p>Immvest-Maulburg GmbH Ahornstra\u00dfe 7275210 Keltern Telefon: +49 171 &#8211; 273 67 91E-Mail: info@immvest-gmbh.deInternet:&nbsp;https:\/\/www.immvest-maulburg.deImmvest Maulburg wird vertreten durch: Gesch\u00e4ftsf\u00fchrer Ralf K\u00f6nig HRB 738378 Registergericht Mannheim<\/p>\n","protected":false},"author":1,"featured_media":0,"parent":0,"menu_order":0,"comment_status":"closed","ping_status":"closed","template":"","meta":{"footnotes":""},"class_list":["post-166","page","type-page","status-publish","hentry"],"_links":{"self":[{"href":"https:\/\/immvest-maulburg.de\/index.php\/wp-json\/wp\/v2\/pages\/166","targetHints":{"allow":["GET"]}}],"collection":[{"href":"https:\/\/immvest-maulburg.de\/index.php\/wp-json\/wp\/v2\/pages"}],"about":[{"href":"https:\/\/immvest-maulburg.de\/index.php\/wp-json\/wp\/v2\/types\/page"}],"author":[{"embeddable":true,"href":"https:\/\/immvest-maulburg.de\/index.php\/wp-json\/wp\/v2\/users\/1"}],"replies":[{"embeddable":true,"href":"https:\/\/immvest-maulburg.de\/index.php\/wp-json\/wp\/v2\/comments?post=166"}],"version-history":[{"count":8,"href":"https:\/\/immvest-maulburg.de\/index.php\/wp-json\/wp\/v2\/pages\/166\/revisions"}],"predecessor-version":[{"id":331,"href":"https:\/\/immvest-maulburg.de\/index.php\/wp-json\/wp\/v2\/pages\/166\/revisions\/331"}],"wp:attachment":[{"href":"https:\/\/immvest-maulburg.de\/index.php\/wp-json\/wp\/v2\/media?parent=166"}],"curies":[{"name":"wp","href":"https:\/\/api.w.org\/{rel}","templated":true}]}}